{"id":185,"date":"2025-08-19T10:18:05","date_gmt":"2025-08-19T08:18:05","guid":{"rendered":"https:\/\/mirenmonterrubio.com\/?page_id=185"},"modified":"2025-10-07T20:06:50","modified_gmt":"2025-10-07T18:06:50","slug":"restauracion-y-decoracion","status":"publish","type":"page","link":"https:\/\/mirenmonterrubio.com\/eu\/restauracion-y-decoracion\/","title":{"rendered":"Restauraci\u00f3n y decoraci\u00f3n"},"content":{"rendered":"<div data-elementor-type=\"wp-page\" data-elementor-id=\"185\" class=\"elementor elementor-185\" data-elementor-post-type=\"page\">\n\t\t\t\t\t\t<section class=\"elementor-section elementor-top-section elementor-element elementor-element-4b01b6d3 elementor-section-boxed elementor-section-height-default elementor-section-height-default\" data-id=\"4b01b6d3\" data-element_type=\"section\" data-settings=\"{&quot;background_background&quot;:&quot;classic&quot;}\">\n\t\t\t\t\t\t\t<div class=\"elementor-background-overlay\"><\/div>\n\t\t\t\t\t\t\t<div class=\"elementor-container elementor-column-gap-default\">\n\t\t\t\t\t<div class=\"elementor-column elementor-col-100 elementor-top-column elementor-element elementor-element-431b6d55\" data-id=\"431b6d55\" data-element_type=\"column\">\n\t\t\t<div class=\"elementor-widget-wrap elementor-element-populated\">\n\t\t\t\t\t\t<div class=\"elementor-element elementor-element-ea3e89f elementor-widget elementor-widget-heading\" data-id=\"ea3e89f\" data-element_type=\"widget\" data-widget_type=\"heading.default\">\n\t\t\t\t\t<h3 class=\"elementor-heading-title elementor-size-default\">Restauraci\u00f3n y decoraci\u00f3n<\/h3>\t\t\t\t<\/div>\n\t\t\t\t\t<\/div>\n\t\t<\/div>\n\t\t\t\t\t<\/div>\n\t\t<\/section>\n\t\t\t\t<section class=\"elementor-section elementor-top-section elementor-element elementor-element-2c9aba5 elementor-reverse-mobile elementor-section-boxed elementor-section-height-default elementor-section-height-default\" data-id=\"2c9aba5\" data-element_type=\"section\" data-settings=\"{&quot;background_background&quot;:&quot;classic&quot;}\">\n\t\t\t\t\t\t\t<div class=\"elementor-background-overlay\"><\/div>\n\t\t\t\t\t\t\t<div class=\"elementor-container elementor-column-gap-custom\">\n\t\t\t\t\t<div class=\"elementor-column elementor-col-50 elementor-top-column elementor-element elementor-element-41bcbbb animated-slow elementor-invisible\" data-id=\"41bcbbb\" data-element_type=\"column\" data-settings=\"{&quot;animation&quot;:&quot;fadeInLeft&quot;,&quot;background_background&quot;:&quot;classic&quot;}\">\n\t\t\t<div class=\"elementor-widget-wrap elementor-element-populated\">\n\t\t\t\t\t\t<div class=\"elementor-element elementor-element-56017a7 elementor-widget elementor-widget-image\" data-id=\"56017a7\" data-element_type=\"widget\" data-widget_type=\"image.default\">\n\t\t\t\t\t\t\t\t\t\t\t\t\t\t\t<img fetchpriority=\"high\" decoding=\"async\" width=\"800\" height=\"800\" src=\"https:\/\/mirenmonterrubio.com\/wp-content\/uploads\/2025\/08\/26.jpg\" class=\"attachment-large size-large wp-image-278\" alt=\"\" srcset=\"https:\/\/mirenmonterrubio.com\/wp-content\/uploads\/2025\/08\/26.jpg 800w, https:\/\/mirenmonterrubio.com\/wp-content\/uploads\/2025\/08\/26-300x300.jpg 300w, https:\/\/mirenmonterrubio.com\/wp-content\/uploads\/2025\/08\/26-150x150.jpg 150w, https:\/\/mirenmonterrubio.com\/wp-content\/uploads\/2025\/08\/26-768x768.jpg 768w\" sizes=\"(max-width: 800px) 100vw, 800px\" \/>\t\t\t\t\t\t\t\t\t\t\t\t\t\t\t<\/div>\n\t\t\t\t\t<\/div>\n\t\t<\/div>\n\t\t\t\t<div class=\"elementor-column elementor-col-50 elementor-top-column elementor-element elementor-element-b19bed4\" data-id=\"b19bed4\" data-element_type=\"column\">\n\t\t\t<div class=\"elementor-widget-wrap elementor-element-populated\">\n\t\t\t\t\t\t<div class=\"elementor-element elementor-element-c2bafa5 elementor-widget elementor-widget-heading\" data-id=\"c2bafa5\" data-element_type=\"widget\" data-widget_type=\"heading.default\">\n\t\t\t\t\t<h2 class=\"elementor-heading-title elementor-size-default\">Un puente entre pasado y futuro<\/h2>\t\t\t\t<\/div>\n\t\t\t\t<div class=\"elementor-element elementor-element-3d40b73 elementor-widget elementor-widget-heading\" data-id=\"3d40b73\" data-element_type=\"widget\" data-widget_type=\"heading.default\">\n\t\t\t\t\t<h2 class=\"elementor-heading-title elementor-size-default\">Restauraci\u00f3n de muebles<\/h2>\t\t\t\t<\/div>\n\t\t\t\t<div class=\"elementor-element elementor-element-d594f9f elementor-widget elementor-widget-text-editor\" data-id=\"d594f9f\" data-element_type=\"widget\" data-widget_type=\"text-editor.default\">\n\t\t\t\t\t\t\t\t\t<p><span style=\"font-weight: 400;\">Restaurar un mueble antiguo es mucho m\u00e1s que devolverle su apariencia original: es un acto de respeto hacia el tiempo, la memoria y la artesan\u00eda. Cada rasgu\u00f1o, veta o huella en la madera cuenta una historia, y el proceso de restauraci\u00f3n busca equilibrar esa huella del pasado con la posibilidad de un nuevo comienzo.\u00a0<\/span><\/p><p><span style=\"font-weight: 400;\">La esencia de esta tarea est\u00e1 en la paciencia y la sensibilidad. No se trata de borrar los a\u00f1os, sino de honrarlos, de rescatar la nobleza de los materiales y la dedicaci\u00f3n de quienes lo construyeron. Al limpiar, quitar capas o nutrir la madera, se despierta su vitalidad dormida; al reparar una bisagra o reconstituir un detalle, se devuelve la funcionalidad que lo convierte nuevamente en un objeto vivo y \u00fatil.\u00a0<\/span><\/p><p><span style=\"font-weight: 400;\">Restaurar tambi\u00e9n es un ejercicio de conexi\u00f3n emocional. Un mueble heredado, encontrado o adquirido guarda un v\u00ednculo con otras generaciones, con estilos de vida pasados y con tradiciones artesanales que ya casi no existen. Al devolverle su dignidad, no solo se conserva un objeto, sino tambi\u00e9n un fragmento de historia.\u00a0<\/span><\/p><p><span style=\"font-weight: 400;\">En esencia, restaurar un mueble antiguo es tender un puente entre lo que fue y lo que puede seguir siendo, es dar continuidad a una pieza que, al igual que las personas, envejece, cambia y se renueva con el tiempo.<\/span><\/p>\t\t\t\t\t\t\t\t<\/div>\n\t\t\t\t\t<\/div>\n\t\t<\/div>\n\t\t\t\t\t<\/div>\n\t\t<\/section>\n\t\t\t\t<section class=\"elementor-section elementor-top-section elementor-element elementor-element-89cb9dd elementor-reverse-laptop elementor-reverse-tablet_extra elementor-reverse-mobile elementor-section-boxed elementor-section-height-default elementor-section-height-default\" data-id=\"89cb9dd\" data-element_type=\"section\" data-settings=\"{&quot;background_background&quot;:&quot;classic&quot;}\">\n\t\t\t\t\t\t\t<div class=\"elementor-background-overlay\"><\/div>\n\t\t\t\t\t\t\t<div class=\"elementor-container elementor-column-gap-custom\">\n\t\t\t\t\t<div class=\"elementor-column elementor-col-50 elementor-top-column elementor-element elementor-element-7cc5171 animated-slow elementor-invisible\" data-id=\"7cc5171\" data-element_type=\"column\" data-settings=\"{&quot;animation&quot;:&quot;fadeInLeft&quot;,&quot;background_background&quot;:&quot;classic&quot;}\">\n\t\t\t<div class=\"elementor-widget-wrap elementor-element-populated\">\n\t\t\t\t\t\t<div class=\"elementor-element elementor-element-5ac1535 elementor-widget elementor-widget-image\" data-id=\"5ac1535\" data-element_type=\"widget\" data-widget_type=\"image.default\">\n\t\t\t\t\t\t\t\t\t\t\t\t\t\t\t<img decoding=\"async\" width=\"800\" height=\"800\" src=\"https:\/\/mirenmonterrubio.com\/wp-content\/uploads\/2025\/08\/11.jpg\" class=\"attachment-large size-large wp-image-263\" alt=\"\" srcset=\"https:\/\/mirenmonterrubio.com\/wp-content\/uploads\/2025\/08\/11.jpg 800w, https:\/\/mirenmonterrubio.com\/wp-content\/uploads\/2025\/08\/11-300x300.jpg 300w, https:\/\/mirenmonterrubio.com\/wp-content\/uploads\/2025\/08\/11-150x150.jpg 150w, https:\/\/mirenmonterrubio.com\/wp-content\/uploads\/2025\/08\/11-768x768.jpg 768w\" sizes=\"(max-width: 800px) 100vw, 800px\" \/>\t\t\t\t\t\t\t\t\t\t\t\t\t\t\t<\/div>\n\t\t\t\t\t<\/div>\n\t\t<\/div>\n\t\t\t\t<div class=\"elementor-column elementor-col-50 elementor-top-column elementor-element elementor-element-44d1d2c\" data-id=\"44d1d2c\" data-element_type=\"column\">\n\t\t\t<div class=\"elementor-widget-wrap elementor-element-populated\">\n\t\t\t\t\t\t<div class=\"elementor-element elementor-element-0adb564 elementor-widget elementor-widget-heading\" data-id=\"0adb564\" data-element_type=\"widget\" data-widget_type=\"heading.default\">\n\t\t\t\t\t<h2 class=\"elementor-heading-title elementor-size-default\">Reinventar lo cotidiano<\/h2>\t\t\t\t<\/div>\n\t\t\t\t<div class=\"elementor-element elementor-element-fc98bdd elementor-widget elementor-widget-heading\" data-id=\"fc98bdd\" data-element_type=\"widget\" data-widget_type=\"heading.default\">\n\t\t\t\t\t<h2 class=\"elementor-heading-title elementor-size-default\">Decorar un mueble<\/h2>\t\t\t\t<\/div>\n\t\t\t\t<div class=\"elementor-element elementor-element-580233e elementor-widget elementor-widget-text-editor\" data-id=\"580233e\" data-element_type=\"widget\" data-widget_type=\"text-editor.default\">\n\t\t\t\t\t\t\t\t\t<p><span style=\"font-weight: 400;\">\u00bfQu\u00e9 es decorar un mueble? Es mucho m\u00e1s que una tarea de bricolaje o pintura: es un acto de creatividad y renovaci\u00f3n. Cada pincelada es una oportunidad para darle una segunda vida a un objeto que parec\u00eda olvidado, convirti\u00e9ndolo en una pieza con historia propia.<\/span><\/p><p><span style=\"font-weight: 400;\">Un mueble viejo no es un estorbo, sino un lienzo en blanco que espera tu toque personal. El color que elijas puede reflejar tu esencia: un tono suave que aporte calma, un acabado vibrante que llene de energ\u00eda el espacio, o una textura que hable de tu estilo \u00fanico.\u00a0<\/span><\/p><p><span style=\"font-weight: 400;\">No se trata solo de cambiar la apariencia, sino de transformar la atm\u00f3sfera de tu hogar. Al rescatar un mueble, tambi\u00e9n recuperas recuerdos, honras el pasado y abres la puerta a nuevas experiencias.\u00a0<\/span><\/p><p><span style=\"font-weight: 400;\">Ahora ya lo sabes, decorar un mueble es un recordatorio de que todo, con un poco de imaginaci\u00f3n y cari\u00f1o, puede renacer. <\/span><\/p>\t\t\t\t\t\t\t\t<\/div>\n\t\t\t\t\t<\/div>\n\t\t<\/div>\n\t\t\t\t\t<\/div>\n\t\t<\/section>\n\t\t\t\t<section class=\"elementor-section elementor-top-section elementor-element elementor-element-7aff782 elementor-section-boxed elementor-section-height-default elementor-section-height-default\" data-id=\"7aff782\" data-element_type=\"section\" data-settings=\"{&quot;background_background&quot;:&quot;classic&quot;}\">\n\t\t\t\t\t\t\t<div class=\"elementor-background-overlay\"><\/div>\n\t\t\t\t\t\t\t<div class=\"elementor-container elementor-column-gap-default\">\n\t\t\t\t\t<div class=\"elementor-column elementor-col-50 elementor-top-column elementor-element elementor-element-698d2c4\" data-id=\"698d2c4\" data-element_type=\"column\">\n\t\t\t<div class=\"elementor-widget-wrap elementor-element-populated\">\n\t\t\t\t\t\t<div class=\"elementor-element elementor-element-22fd486 elementor-widget elementor-widget-heading\" data-id=\"22fd486\" data-element_type=\"widget\" data-widget_type=\"heading.default\">\n\t\t\t\t\t<p class=\"elementor-heading-title elementor-size-default\">Tienda online<\/p>\t\t\t\t<\/div>\n\t\t\t\t<div class=\"elementor-element elementor-element-0b68da8 elementor-widget elementor-widget-heading\" data-id=\"0b68da8\" data-element_type=\"widget\" data-widget_type=\"heading.default\">\n\t\t\t\t\t<p class=\"elementor-heading-title elementor-size-default\">Visita la tienda online para descubrir m\u00e1s art\u00edculos<\/p>\t\t\t\t<\/div>\n\t\t\t\t\t<\/div>\n\t\t<\/div>\n\t\t\t\t<div class=\"elementor-column elementor-col-50 elementor-top-column elementor-element elementor-element-ae0d590\" data-id=\"ae0d590\" data-element_type=\"column\">\n\t\t\t<div class=\"elementor-widget-wrap elementor-element-populated\">\n\t\t\t\t\t\t<div class=\"elementor-element elementor-element-69c47b9 elementor-align-right elementor-tablet_extra-align-right elementor-mobile-align-center elementor-widget elementor-widget-button\" data-id=\"69c47b9\" data-element_type=\"widget\" data-widget_type=\"button.default\">\n\t\t\t\t\t\t\t\t\t\t<a class=\"elementor-button elementor-button-link elementor-size-sm elementor-animation-shrink\" href=\"https:\/\/mirenmonterrubio.com\/eu\/tienda\/\">\n\t\t\t\t\t\t<span class=\"elementor-button-content-wrapper\">\n\t\t\t\t\t\t\t\t\t<span class=\"elementor-button-text\">Ver tienda<\/span>\n\t\t\t\t\t<\/span>\n\t\t\t\t\t<\/a>\n\t\t\t\t\t\t\t\t<\/div>\n\t\t\t\t\t<\/div>\n\t\t<\/div>\n\t\t\t\t\t<\/div>\n\t\t<\/section>\n\t\t\t\t<\/div>","protected":false},"excerpt":{"rendered":"<p>Restauraci\u00f3n y decoraci\u00f3n Un puente entre pasado y futuro Restauraci\u00f3n de muebles Restaurar un mueble antiguo es mucho m\u00e1s que devolverle su apariencia original: es un acto de respeto hacia el tiempo, la memoria y la artesan\u00eda. Cada rasgu\u00f1o, veta o huella en la madera cuenta una historia, y el proceso de restauraci\u00f3n busca equilibrar [&hellip;]<\/p>","protected":false},"author":2,"featured_media":0,"parent":0,"menu_order":0,"comment_status":"closed","ping_status":"closed","template":"","meta":{"footnotes":""},"class_list":["post-185","page","type-page","status-publish","hentry"],"_links":{"self":[{"href":"https:\/\/mirenmonterrubio.com\/eu\/wp-json\/wp\/v2\/pages\/185","targetHints":{"allow":["GET"]}}],"collection":[{"href":"https:\/\/mirenmonterrubio.com\/eu\/wp-json\/wp\/v2\/pages"}],"about":[{"href":"https:\/\/mirenmonterrubio.com\/eu\/wp-json\/wp\/v2\/types\/page"}],"author":[{"embeddable":true,"href":"https:\/\/mirenmonterrubio.com\/eu\/wp-json\/wp\/v2\/users\/2"}],"replies":[{"embeddable":true,"href":"https:\/\/mirenmonterrubio.com\/eu\/wp-json\/wp\/v2\/comments?post=185"}],"version-history":[{"count":34,"href":"https:\/\/mirenmonterrubio.com\/eu\/wp-json\/wp\/v2\/pages\/185\/revisions"}],"predecessor-version":[{"id":530,"href":"https:\/\/mirenmonterrubio.com\/eu\/wp-json\/wp\/v2\/pages\/185\/revisions\/530"}],"wp:attachment":[{"href":"https:\/\/mirenmonterrubio.com\/eu\/wp-json\/wp\/v2\/media?parent=185"}],"curies":[{"name":"wp","href":"https:\/\/api.w.org\/{rel}","templated":true}]}}