{"id":13,"date":"2025-07-28T14:46:23","date_gmt":"2025-07-28T12:46:23","guid":{"rendered":"https:\/\/mirenmonterrubio.com\/?page_id=13"},"modified":"2025-10-19T19:55:45","modified_gmt":"2025-10-19T17:55:45","slug":"aviso-legal","status":"publish","type":"page","link":"https:\/\/mirenmonterrubio.com\/eu\/aviso-legal\/","title":{"rendered":"Aviso legal"},"content":{"rendered":"<p><strong>Titular del sitio web:<\/strong><br><strong>Miren Monterrubio Azpilikueta<\/strong><\/p>\n\n\n\n<ul class=\"wp-block-list\">\n<li>NIF: 44639549E<\/li>\n\n\n\n<li>Domicilio: Calle R\u00edo Iranzu 3, Villatuerta, 31132, Navarra<\/li>\n\n\n\n<li>Correo electr\u00f3nico: <a>mirenmonterrubio@gmail.com<\/a><\/li>\n\n\n\n<li>Tel\u00e9fono: 648759006<\/li>\n<\/ul>\n\n\n\n<p>De acuerdo con la <strong>Ley 34\/2002, de Servicios de la Sociedad de la Informaci\u00f3n y Comercio Electr\u00f3nico (LSSI-CE)<\/strong>, a continuaci\u00f3n se recogen los datos legales sobre este sitio web.<\/p>\n\n\n\n<hr class=\"wp-block-separator has-alpha-channel-opacity\"\/>\n\n\n\n<h2 class=\"wp-block-heading\">1. Objeto del sitio web<\/h2>\n\n\n\n<p>El sitio web <strong>www.mirenmonterrubio.com<\/strong> tiene como finalidad ofrecer informaci\u00f3n sobre los servicios profesionales de <strong>Miren Monterrubio<\/strong>, as\u00ed como facilitar el contacto con clientes y usuarios.<\/p>\n\n\n\n<hr class=\"wp-block-separator has-alpha-channel-opacity\"\/>\n\n\n\n<h2 class=\"wp-block-heading\">2. Propiedad intelectual e industrial<\/h2>\n\n\n\n<p>Todo el contenido de este sitio web, incluyendo textos, im\u00e1genes, gr\u00e1ficos, logotipos, iconos, software y c\u00f3digos fuente, est\u00e1 protegido por derechos de propiedad intelectual y pertenece a <strong>Miren Monterrubio<\/strong> o a terceros que han autorizado su uso.<\/p>\n\n\n\n<p>Queda prohibida la reproducci\u00f3n, distribuci\u00f3n, comunicaci\u00f3n p\u00fablica o transformaci\u00f3n total o parcial del contenido sin autorizaci\u00f3n expresa del titular.<\/p>\n\n\n\n<hr class=\"wp-block-separator has-alpha-channel-opacity\"\/>\n\n\n\n<h2 class=\"wp-block-heading\">3. Responsabilidad<\/h2>\n\n\n\n<p><strong>Miren Monterrubio<\/strong> no se hace responsable de los posibles da\u00f1os o perjuicios derivados del acceso o uso de este sitio web, incluyendo la informaci\u00f3n contenida en enlaces externos.<\/p>\n\n\n\n<p>El titular se reserva el derecho de modificar, actualizar o eliminar contenidos sin previo aviso.<\/p>\n\n\n\n<hr class=\"wp-block-separator has-alpha-channel-opacity\"\/>\n\n\n\n<h2 class=\"wp-block-heading\">4. Protecci\u00f3n de datos personales<\/h2>\n\n\n\n<p>Los datos personales que se faciliten a trav\u00e9s de los formularios de contacto ser\u00e1n tratados conforme a la <strong>Pol\u00edtica de Privacidad<\/strong> disponible en el sitio web, cumpliendo con la normativa europea (RGPD) y espa\u00f1ola (LOPDGDD).<\/p>\n\n\n\n<p>Para m\u00e1s informaci\u00f3n, se puede consultar: Pol\u00edtica de Privacidad.<\/p>\n\n\n\n<hr class=\"wp-block-separator has-alpha-channel-opacity\"\/>\n\n\n\n<h2 class=\"wp-block-heading\">5. Cookies<\/h2>\n\n\n\n<p>Este sitio utiliza cookies propias y de terceros para mejorar la experiencia de usuario y analizar la navegaci\u00f3n. Para m\u00e1s informaci\u00f3n, consulte la Pol\u00edtica de Cookies.<\/p>\n\n\n\n<hr class=\"wp-block-separator has-alpha-channel-opacity\"\/>\n\n\n\n<h2 class=\"wp-block-heading\">6. Ley aplicable y jurisdicci\u00f3n<\/h2>\n\n\n\n<p>La relaci\u00f3n entre el titular del sitio web y el usuario se regir\u00e1 por la normativa espa\u00f1ola vigente.<\/p>\n\n\n\n<p>Para cualquier controversia, se someter\u00e1 a los <strong>Juzgados y Tribunales de Navarra<\/strong>, salvo disposici\u00f3n legal contraria.<\/p>","protected":false},"excerpt":{"rendered":"<p>Titular del sitio web:Miren Monterrubio Azpilikueta De acuerdo con la Ley 34\/2002, de Servicios de la Sociedad de la Informaci\u00f3n y Comercio Electr\u00f3nico (LSSI-CE), a continuaci\u00f3n se recogen los datos legales sobre este sitio web. 1. Objeto del sitio web El sitio web www.mirenmonterrubio.com tiene como finalidad ofrecer informaci\u00f3n sobre los servicios profesionales de Miren [&hellip;]<\/p>","protected":false},"author":2,"featured_media":0,"parent":0,"menu_order":0,"comment_status":"closed","ping_status":"closed","template":"","meta":{"footnotes":""},"class_list":["post-13","page","type-page","status-publish","hentry"],"_links":{"self":[{"href":"https:\/\/mirenmonterrubio.com\/eu\/wp-json\/wp\/v2\/pages\/13","targetHints":{"allow":["GET"]}}],"collection":[{"href":"https:\/\/mirenmonterrubio.com\/eu\/wp-json\/wp\/v2\/pages"}],"about":[{"href":"https:\/\/mirenmonterrubio.com\/eu\/wp-json\/wp\/v2\/types\/page"}],"author":[{"embeddable":true,"href":"https:\/\/mirenmonterrubio.com\/eu\/wp-json\/wp\/v2\/users\/2"}],"replies":[{"embeddable":true,"href":"https:\/\/mirenmonterrubio.com\/eu\/wp-json\/wp\/v2\/comments?post=13"}],"version-history":[{"count":3,"href":"https:\/\/mirenmonterrubio.com\/eu\/wp-json\/wp\/v2\/pages\/13\/revisions"}],"predecessor-version":[{"id":589,"href":"https:\/\/mirenmonterrubio.com\/eu\/wp-json\/wp\/v2\/pages\/13\/revisions\/589"}],"wp:attachment":[{"href":"https:\/\/mirenmonterrubio.com\/eu\/wp-json\/wp\/v2\/media?parent=13"}],"curies":[{"name":"wp","href":"https:\/\/api.w.org\/{rel}","templated":true}]}}